{"id":110,"date":"2024-02-22T20:25:04","date_gmt":"2024-02-22T20:25:04","guid":{"rendered":"https:\/\/purposeiletisim.com\/?page_id=110"},"modified":"2024-11-12T06:41:32","modified_gmt":"2024-11-12T06:41:32","slug":"hizmetlerimiz","status":"publish","type":"page","link":"https:\/\/purposeiletisim.com\/?page_id=110","title":{"rendered":"Hizmetlerimiz"},"content":{"rendered":"\n<h2 class=\"wp-block-heading\" style=\"font-size:clamp(14px, 0.875rem + ((1vw - 3.2px) * 0.625), 20px);\"><strong>S\u00fcrd\u00fcr\u00fclebilirlik i\u00e7in G\u00fc\u00e7l\u00fc \u0130leti\u015fim<\/strong><\/h2>\n\n\n\n<p><\/p>\n\n\n\n<p style=\"margin-top:0;margin-right:var(--wp--preset--spacing--large);margin-bottom:0;margin-left:var(--wp--preset--spacing--large);font-size:clamp(14px, 0.875rem + ((1vw - 3.2px) * 0.625), 20px);font-style:normal;font-weight:300;line-height:1.3\">S\u00fcrd\u00fcr\u00fclebilirlik odakl\u0131 \u00e7al\u0131\u015fmalar\u0131n toplumsal faydas\u0131n\u0131 art\u0131rmak amac\u0131yla Purpose \u0130leti\u015fim olarak medya ve ileti\u015fim d\u00fcnyas\u0131nda g\u00fc\u00e7l\u00fc bir k\u00f6pr\u00fc kuruyoruz.<\/p>\n\n\n\n<p><\/p>\n\n\n\n<p style=\"margin-top:0;margin-right:var(--wp--preset--spacing--large);margin-bottom:0;margin-left:var(--wp--preset--spacing--large);font-size:clamp(14px, 0.875rem + ((1vw - 3.2px) * 0.625), 20px);font-style:normal;font-weight:300;line-height:1.3\"><strong>Bas\u0131n Lansman\u0131 ve Haber Servisi:<\/strong> Projelerinizi g\u00f6r\u00fcn\u00fcr k\u0131lmak i\u00e7in bas\u0131n toplant\u0131lar\u0131 ve haber da\u011f\u0131t\u0131m\u0131 sa\u011fl\u0131yoruz.<\/p>\n\n\n\n<p><\/p>\n\n\n\n<p style=\"margin-top:0;margin-right:var(--wp--preset--spacing--large);margin-bottom:0;margin-left:var(--wp--preset--spacing--large);font-size:clamp(14px, 0.875rem + ((1vw - 3.2px) * 0.625), 20px);font-style:normal;font-weight:300;line-height:1.3\"><strong>Yarat\u0131c\u0131 Video ve Animasyon:<\/strong> Etkileyici tan\u0131t\u0131m ve reklam filmleriyle hikayenizi g\u00fc\u00e7lendiriyoruz.<\/p>\n\n\n\n<p><\/p>\n\n\n\n<p style=\"margin-top:0;margin-right:var(--wp--preset--spacing--large);margin-bottom:0;margin-left:var(--wp--preset--spacing--large);font-size:clamp(14px, 0.875rem + ((1vw - 3.2px) * 0.625), 20px);font-style:normal;font-weight:300;line-height:1.3\"><strong>Dijital Reklam Y\u00f6netimi ve Tasar\u0131m:<\/strong> Hedef odakl\u0131 dijital reklam kampanyalar\u0131 ve profesyonel tasar\u0131mlarla fark yarat\u0131yoruz.<\/p>\n\n\n\n<p><\/p>\n\n\n\n<p style=\"margin-top:0;margin-right:var(--wp--preset--spacing--large);margin-bottom:0;margin-left:var(--wp--preset--spacing--large);font-size:clamp(14px, 0.875rem + ((1vw - 3.2px) * 0.625), 20px);font-style:normal;font-weight:300;line-height:1.3\"><strong>Sosyal Medya Dan\u0131\u015fmanl\u0131\u011f\u0131:<\/strong> Sosyal medya platformlar\u0131nda etkili ileti\u015fim stratejileri sunuyoruz (g\u00fcnl\u00fck y\u00f6netim sizin ekibiniz taraf\u0131ndan y\u00fcr\u00fct\u00fcl\u00fcr).<\/p>\n\n\n\n<p><\/p>\n\n\n\n<p style=\"margin-top:0;margin-right:var(--wp--preset--spacing--large);margin-bottom:0;margin-left:var(--wp--preset--spacing--large);font-size:clamp(14px, 0.875rem + ((1vw - 3.2px) * 0.625), 20px);font-style:normal;font-weight:300;line-height:1.3\"><strong>\u00c7izgi Alt\u0131 \u00c7al\u0131\u015fmalar:<\/strong> Projelerinizi destekleyen yarat\u0131c\u0131 ve yenilik\u00e7i i\u00e7erikler sunuyoruz.<\/p>\n\n\n\n<p><\/p>\n\n\n\n<p style=\"margin-top:0;margin-right:var(--wp--preset--spacing--large);margin-bottom:0;margin-left:var(--wp--preset--spacing--large);font-size:clamp(14px, 0.875rem + ((1vw - 3.2px) * 0.625), 20px);font-style:normal;font-weight:300;line-height:1.3\"><strong>Dijital ve Geleneksel Medya \u00c7\u00f6z\u00fcmleri:<\/strong><\/p>\n\n\n\n<ul class=\"wp-block-list\">\n<li>\u00c7evrimi\u00e7i g\u00f6steriler ve canl\u0131 yay\u0131n prod\u00fcksiyonu<\/li>\n<\/ul>\n\n\n\n<ul class=\"wp-block-list\">\n<li>\u0130nternet yay\u0131n\u0131 ve i\u00e7erik ak\u0131\u015f\u0131<\/li>\n<\/ul>\n\n\n\n<ul class=\"wp-block-list\">\n<li>Dijital medya ileti\u015fim \u00e7\u00f6z\u00fcmleri<\/li>\n<\/ul>\n\n\n\n<p><\/p>\n\n\n\n<p style=\"margin-top:0;margin-right:var(--wp--preset--spacing--large);margin-bottom:0;margin-left:var(--wp--preset--spacing--large);font-size:clamp(14px, 0.875rem + ((1vw - 3.2px) * 0.625), 20px);font-style:normal;font-weight:300;line-height:1.3\">Purpose \u0130leti\u015fim olarak, hem geleneksel hem de dijital medya kanallar\u0131nda sosyal etki odakl\u0131 projelerinizi g\u00fc\u00e7lendiriyoruz.<\/p>\n\n\n\n<p><\/p>\n\n\n\n<p style=\"margin-top:0;margin-right:var(--wp--preset--spacing--large);margin-bottom:0;margin-left:var(--wp--preset--spacing--large);font-size:clamp(14px, 0.875rem + ((1vw - 3.2px) * 0.625), 20px);font-style:normal;font-weight:300;line-height:1.3\"><\/p>\n\n\n\n<p style=\"margin-top:0;margin-right:var(--wp--preset--spacing--large);margin-bottom:0;margin-left:var(--wp--preset--spacing--large);font-size:clamp(14px, 0.875rem + ((1vw - 3.2px) * 0.625), 20px);font-style:normal;font-weight:300;line-height:1.3\"><\/p>\n\n\n\n<div class=\"wp-block-columns is-layout-flex wp-container-core-columns-is-layout-28f84493 wp-block-columns-is-layout-flex\">\n<div class=\"wp-block-column is-layout-flow wp-block-column-is-layout-flow\" style=\"padding-top:0;padding-right:0;padding-bottom:0;padding-left:0\">\n<div class=\"wp-block-columns is-layout-flex wp-container-core-columns-is-layout-28f84493 wp-block-columns-is-layout-flex\">\n<div class=\"wp-block-column is-layout-flow wp-block-column-is-layout-flow\" style=\"flex-basis:100%\">\n<figure class=\"wp-block-image is-resized\"><img decoding=\"async\" src=\"https:\/\/purposeiletisim.com\/wp-content\/uploads\/2024\/02\/3-1.png\" alt=\"\" class=\"wp-image-90\" style=\"aspect-ratio:1;object-fit:cover;width:271px;height:auto\"\/><\/figure>\n<\/div>\n<\/div>\n\n\n\n<h2 class=\"wp-block-heading\">Medya ve \u0130leti\u015fim Stratejileri<\/h2>\n\n\n\n<p>Sivil toplum kurulu\u015flar\u0131 ve sosyal giri\u015fimlerin hedef kitlesine ula\u015fmas\u0131 i\u00e7in etkili medya ve ileti\u015fim stratejileri geli\u015ftiriyoruz. Kampanyalar\u0131n\u0131z\u0131 planl\u0131yor, mesajlar\u0131n\u0131z\u0131 daha g\u00fc\u00e7l\u00fc bir \u015fekilde iletmeniz i\u00e7in stratejik rehberlik sa\u011fl\u0131yoruz.<\/p>\n<\/div>\n\n\n\n<div class=\"wp-block-column is-layout-flow wp-block-column-is-layout-flow\" style=\"padding-top:0;padding-right:0;padding-bottom:0;padding-left:0\">\n<figure class=\"wp-block-image size-large is-resized\"><img loading=\"lazy\" decoding=\"async\" width=\"660\" height=\"660\" src=\"https:\/\/purposeiletisim.com\/wp-content\/uploads\/2024\/11\/20240828_141527_0000-edited.png\" alt=\"\" class=\"wp-image-530\" style=\"width:271px;height:auto\" srcset=\"https:\/\/purposeiletisim.com\/wp-content\/uploads\/2024\/11\/20240828_141527_0000-edited.png 660w, https:\/\/purposeiletisim.com\/wp-content\/uploads\/2024\/11\/20240828_141527_0000-edited-300x300.png 300w, https:\/\/purposeiletisim.com\/wp-content\/uploads\/2024\/11\/20240828_141527_0000-edited-150x150.png 150w\" sizes=\"auto, (max-width: 660px) 100vw, 660px\" \/><\/figure>\n\n\n\n<h2 class=\"wp-block-heading\">Haber ve Lansman Y\u00f6netimi<\/h2>\n\n\n\n<p>Projelerinizin lansman\u0131n\u0131 prefosyonelce planl\u0131yor, medya g\u00f6r\u00fcn\u00fcrl\u00fc\u011f\u00fcn\u00fcz\u00fc art\u0131racak haber b\u00fcltenleri haz\u0131rl\u0131yoruz. Haberlerinizi do\u011fru kanallarda ve etkili bir \u015fekilde duyurman\u0131z i\u00e7in yan\u0131n\u0131zday\u0131z.<\/p>\n<\/div>\n\n\n\n<div class=\"wp-block-column is-layout-flow wp-block-column-is-layout-flow\" style=\"padding-top:0;padding-right:0;padding-bottom:0;padding-left:0\">\n<figure class=\"wp-block-image\"><img loading=\"lazy\" decoding=\"async\" width=\"2560\" height=\"2560\" src=\"https:\/\/purposeiletisim.com\/wp-content\/uploads\/2024\/11\/new-media-star-using-smartphone-2021-08-29-12-14-50-utc-1-edited-scaled.jpg\" alt=\"\" class=\"wp-image-527\" style=\"aspect-ratio:1;object-fit:cover\" srcset=\"https:\/\/purposeiletisim.com\/wp-content\/uploads\/2024\/11\/new-media-star-using-smartphone-2021-08-29-12-14-50-utc-1-edited-scaled.jpg 2560w, https:\/\/purposeiletisim.com\/wp-content\/uploads\/2024\/11\/new-media-star-using-smartphone-2021-08-29-12-14-50-utc-1-edited-300x300.jpg 300w, https:\/\/purposeiletisim.com\/wp-content\/uploads\/2024\/11\/new-media-star-using-smartphone-2021-08-29-12-14-50-utc-1-edited-1024x1024.jpg 1024w, https:\/\/purposeiletisim.com\/wp-content\/uploads\/2024\/11\/new-media-star-using-smartphone-2021-08-29-12-14-50-utc-1-edited-150x150.jpg 150w, https:\/\/purposeiletisim.com\/wp-content\/uploads\/2024\/11\/new-media-star-using-smartphone-2021-08-29-12-14-50-utc-1-edited-2000x2000.jpg 2000w\" sizes=\"auto, (max-width: 2560px) 100vw, 2560px\" \/><\/figure>\n\n\n\n<h2 class=\"wp-block-heading\">\u0130\u00e7erik \u00dcretimi ve ToplulukY\u00f6netimi<\/h2>\n\n\n\n<p>Etkili i\u00e7eriklerle hedef kitlenizle g\u00fc\u00e7l\u00fc ba\u011flar kurman\u0131za destek oluyoruz. Sosyal medya ve di\u011fer platformlarda aktif bir topluluk olu\u015fturman\u0131z i\u00e7in stratejik rehberlik sa\u011fl\u0131yoruz.<\/p>\n<\/div>\n\n\n\n<div class=\"wp-block-column is-layout-flow wp-block-column-is-layout-flow\">\n<figure class=\"wp-block-gallery has-nested-images columns-default is-cropped wp-block-gallery-1 is-layout-flex wp-block-gallery-is-layout-flex\">\n<figure class=\"wp-block-image size-thumbnail\"><img loading=\"lazy\" decoding=\"async\" width=\"150\" height=\"150\" data-id=\"529\" src=\"https:\/\/purposeiletisim.com\/wp-content\/uploads\/2024\/11\/3_20241017_183747_0002-edited-150x150.png\" alt=\"\" class=\"wp-image-529\" srcset=\"https:\/\/purposeiletisim.com\/wp-content\/uploads\/2024\/11\/3_20241017_183747_0002-edited-150x150.png 150w, https:\/\/purposeiletisim.com\/wp-content\/uploads\/2024\/11\/3_20241017_183747_0002-edited-300x300.png 300w, https:\/\/purposeiletisim.com\/wp-content\/uploads\/2024\/11\/3_20241017_183747_0002-edited-1024x1024.png 1024w, https:\/\/purposeiletisim.com\/wp-content\/uploads\/2024\/11\/3_20241017_183747_0002-edited.png 1080w\" sizes=\"auto, (max-width: 150px) 100vw, 150px\" \/><\/figure>\n<\/figure>\n\n\n\n<h2 class=\"wp-block-heading\">Yarat\u0131c\u0131 Video ve Animasyon \u00c7\u00f6z\u00fcmleri<\/h2>\n\n\n\n<p>Kurumsal hikayenizi en iyi \u015fekilde anlatmak i\u00e7in prefosyonel video, animasyon ve tan\u0131t\u0131m filmleri \u00fcretiyoruz. G\u00f6rsellerin g\u00fcc\u00fcyle mesajlar\u0131n\u0131z\u0131 hedef kitlenize g\u00fc\u00e7l\u00fc bir \u015fekilde aktar\u0131yoruz. <\/p>\n<\/div>\n<\/div>\n\n\n\n<div class=\"wp-block-group alignfull pattern_multiple_covers has-background has-global-padding is-layout-constrained wp-block-group-is-layout-constrained\" id=\"services\" style=\"background-color:#f8f8f8\">\n<p><\/p>\n\n\n\n<div style=\"height:103px\" aria-hidden=\"true\" class=\"wp-block-spacer\"><\/div>\n\n\n\n<div style=\"height:103px\" aria-hidden=\"true\" class=\"wp-block-spacer\"><\/div>\n<\/div>\n","protected":false},"excerpt":{"rendered":"<p>S\u00fcrd\u00fcr\u00fclebilirlik i\u00e7in G\u00fc\u00e7l\u00fc \u0130leti\u015fim S\u00fcrd\u00fcr\u00fclebilirlik odakl\u0131 \u00e7al\u0131\u015fmalar\u0131n toplumsal faydas\u0131n\u0131 art\u0131rmak amac\u0131yla Purpose \u0130leti\u015fim olarak medya ve ileti\u015fim d\u00fcnyas\u0131nda g\u00fc\u00e7l\u00fc bir k\u00f6pr\u00fc kuruyoruz. Bas\u0131n Lansman\u0131 ve Haber Servisi: Projelerinizi g\u00f6r\u00fcn\u00fcr k\u0131lmak i\u00e7in bas\u0131n toplant\u0131lar\u0131 ve haber da\u011f\u0131t\u0131m\u0131 sa\u011fl\u0131yoruz. Yarat\u0131c\u0131 Video ve Animasyon: Etkileyici tan\u0131t\u0131m ve reklam filmleriyle hikayenizi g\u00fc\u00e7lendiriyoruz. Dijital Reklam Y\u00f6netimi ve Tasar\u0131m: Hedef odakl\u0131 &hellip; <\/p>\n<p class=\"link-more\"><a href=\"https:\/\/purposeiletisim.com\/?page_id=110\" class=\"more-link\"><span class=\"screen-reader-text\"> &#8220;Hizmetlerimiz&#8221;<\/span>devam\u0131n\u0131 oku<\/a><\/p>\n","protected":false},"author":1,"featured_media":0,"parent":0,"menu_order":0,"comment_status":"closed","ping_status":"closed","template":"","meta":{"footnotes":""},"class_list":["post-110","page","type-page","status-publish","hentry"],"_links":{"self":[{"href":"https:\/\/purposeiletisim.com\/index.php?rest_route=\/wp\/v2\/pages\/110","targetHints":{"allow":["GET"]}}],"collection":[{"href":"https:\/\/purposeiletisim.com\/index.php?rest_route=\/wp\/v2\/pages"}],"about":[{"href":"https:\/\/purposeiletisim.com\/index.php?rest_route=\/wp\/v2\/types\/page"}],"author":[{"embeddable":true,"href":"https:\/\/purposeiletisim.com\/index.php?rest_route=\/wp\/v2\/users\/1"}],"replies":[{"embeddable":true,"href":"https:\/\/purposeiletisim.com\/index.php?rest_route=%2Fwp%2Fv2%2Fcomments&post=110"}],"version-history":[{"count":20,"href":"https:\/\/purposeiletisim.com\/index.php?rest_route=\/wp\/v2\/pages\/110\/revisions"}],"predecessor-version":[{"id":543,"href":"https:\/\/purposeiletisim.com\/index.php?rest_route=\/wp\/v2\/pages\/110\/revisions\/543"}],"wp:attachment":[{"href":"https:\/\/purposeiletisim.com\/index.php?rest_route=%2Fwp%2Fv2%2Fmedia&parent=110"}],"curies":[{"name":"wp","href":"https:\/\/api.w.org\/{rel}","templated":true}]}}