{"id":31,"date":"2024-02-21T10:09:56","date_gmt":"2024-02-21T10:09:56","guid":{"rendered":"https:\/\/purposeiletisim.com\/?page_id=31"},"modified":"2024-11-13T11:33:00","modified_gmt":"2024-11-13T11:33:00","slug":"homepage","status":"publish","type":"page","link":"https:\/\/purposeiletisim.com\/","title":{"rendered":"Homepage"},"content":{"rendered":"\n<div class=\"wp-block-cover alignfull is-light\" style=\"min-height:712px;aspect-ratio:unset;\"><span aria-hidden=\"true\" class=\"wp-block-cover__background has-background-dim-20 has-background-dim\"><\/span><video class=\"wp-block-cover__video-background intrinsic-ignore\" autoplay muted loop playsinline src=\"https:\/\/purposeiletisim.com\/wp-content\/uploads\/2024\/02\/20240222_1006482-1.mov\" data-object-fit=\"cover\"><\/video><div class=\"wp-block-cover__inner-container has-global-padding is-layout-constrained wp-block-cover-is-layout-constrained\">\n<p class=\"has-text-align-center has-white-color has-text-color has-max-60-font-size\" style=\"font-style:normal;font-weight:900;line-height:1.2\"><strong>Ortak Ama\u00e7lar \u0130\u00e7in \u0130leti\u015fim<\/strong><\/p>\n\n\n\n<p class=\"has-text-align-center has-white-color has-text-color has-medium-font-size\">Sosyal Etki Odakl\u0131 Projeleriniz \u0130\u00e7in G\u00fc\u00e7l\u00fc \u0130leti\u015fim Stratejileri&#8230;<\/p>\n\n\n\n<div style=\"height:55px\" aria-hidden=\"true\" class=\"wp-block-spacer\"><\/div>\n\n\n\n<div class=\"wp-block-buttons is-content-justification-center is-layout-flex wp-container-core-buttons-is-layout-a89b3969 wp-block-buttons-is-layout-flex\">\n<div class=\"wp-block-button has-custom-font-size is-style-fill has-medium-font-size\"><a class=\"wp-block-button__link has-white-color has-text-color has-background wp-element-button\" href=\"https:\/\/purposeiletisim.com\/?page_id=110\" style=\"border-style:none;border-width:0px;border-radius:17px;background-color:#1d0367\">Hizmetlerimizi Ke\u015ffedin<\/a><\/div>\n<\/div>\n<\/div><\/div>\n\n\n\n<div class=\"wp-block-group has-global-padding is-layout-constrained wp-block-group-is-layout-constrained\">\n<div style=\"height:57px\" aria-hidden=\"true\" class=\"wp-block-spacer\"><\/div>\n\n\n\n<h2 class=\"wp-block-heading has-text-align-center has-medium-font-size\" style=\"letter-spacing:1px\">ETK\u0130 ODAKLI \u0130LET\u0130\u015e\u0130M<\/h2>\n\n\n\n<p class=\"has-text-align-center\">Purpose \u0130leti\u015fim olarak, s\u00fcr\u00fcd\u00fcr\u00fclebilirlik odakl\u0131 \u00e7al\u0131\u015falar\u0131n toplumsal faydas\u0131n\u0131 art\u0131rak i\u00e7in medya d\u00fcnyas\u0131nda g\u00fc\u00e7l\u00fc bir k\u00f6pr\u00fc kuruyoruz. <\/p>\n\n\n\n<p><\/p>\n\n\n\n<p><\/p>\n\n\n\n<div class=\"wp-block-buttons is-horizontal is-content-justification-center is-layout-flex wp-container-core-buttons-is-layout-03627597 wp-block-buttons-is-layout-flex\">\n<div class=\"wp-block-button has-custom-font-size is-style-outline has-small-font-size is-style-outline--1\"><a class=\"wp-block-button__link wp-element-button\" href=\"https:\/\/purposeiletisim.com\/?page_id=32\" style=\"border-radius:0px\">HAKKIMIZDA<\/a><\/div>\n<\/div>\n<\/div>\n\n\n\n<div class=\"wp-block-group alignfull pattern_multiple_covers has-background has-global-padding is-layout-constrained wp-block-group-is-layout-constrained\" id=\"services\" style=\"background-color:#f8f8f8\">\n<h2 class=\"wp-block-heading has-text-align-left\">Ortak bir gelecek ortak bir sorumluluk gerektirir!<\/h2>\n\n\n\n<p>G\u00fcn\u00fcm\u00fcz kirizleri, birbirini tetikleyerek insan haklar\u0131 ihlallerine yol a\u00e7\u0131yor:<\/p>\n\n\n\n<ul class=\"wp-block-list\">\n<li>Yoksulluk, bir insan hakk\u0131 ihlalidir.<\/li>\n\n\n\n<li>Sa\u011fl\u0131kl\u0131 ve ye\u015fil bir \u00e7evrede ya\u015fayamamak da \u00f6yle&#8230;<\/li>\n<\/ul>\n\n\n\n<p>Ayr\u0131mc\u0131l\u0131k, e\u015fitsizlik, \u015fiddet, adaletsizlik, ifade \u00f6zg\u00fcrl\u00fc\u011f\u00fcn\u00fcn engellenmesi&#8230;Krizlerin etkiledi\u011fi gruplar\u0131n, haklar\u0131n\u0131 savunamamas\u0131 ise bu sorunlar\u0131 daha da derinle\u015ftiriyor.<\/p>\n\n\n\n<p>Birlikteharekete ge\u00e7mek, \u00e7\u00f6z\u00fcm\u00fcn anahtar\u0131d\u0131r.<\/p>\n\n\n\n<p><strong>Ortak bir gelecek i\u00e7in, ortak sorumluluklar \u00fcstlenelim<\/strong>.<\/p>\n\n\n\n<p>#ortakamaclariciniletisim<\/p>\n\n\n\n<h2 class=\"wp-block-heading\"><strong>H\u0130ZMETLER\u0130M\u0130Z<\/strong><\/h2>\n\n\n\n<div style=\"height:0px\" aria-hidden=\"true\" class=\"wp-block-spacer\"><\/div>\n\n\n\n<div class=\"wp-block-columns is-layout-flex wp-container-core-columns-is-layout-28f84493 wp-block-columns-is-layout-flex\">\n<div class=\"wp-block-column is-layout-flow wp-block-column-is-layout-flow\" style=\"padding-top:0;padding-right:0;padding-bottom:0;padding-left:0\">\n<div class=\"wp-block-columns is-layout-flex wp-container-core-columns-is-layout-28f84493 wp-block-columns-is-layout-flex\">\n<div class=\"wp-block-column is-layout-flow wp-block-column-is-layout-flow\" style=\"flex-basis:100%\">\n<figure class=\"wp-block-image is-resized\"><img decoding=\"async\" src=\"https:\/\/purposeiletisim.com\/wp-content\/uploads\/2024\/02\/3-1.png\" alt=\"\" class=\"wp-image-90\" style=\"width:255px;height:auto\"\/><\/figure>\n<\/div>\n<\/div>\n\n\n\n<h2 class=\"wp-block-heading\">Medya ve \u0130leti\u015fim Stratejileri<\/h2>\n\n\n\n<p>Sivil toplum kurulu\u015flar\u0131 ve sosyal giri\u015fimlerin hedef kitlesine ula\u015fmas\u0131 i\u00e7in etkili medya ve ileti\u015fim stratejileri geli\u015ftiriyoruz. Kampanyalar\u0131n\u0131z\u0131 planl\u0131yor, mesajlar\u0131n\u0131z\u0131 daha g\u00fc\u00e7l\u00fc bir \u015fekilde iletmeniz i\u00e7in stratejik rehberlik sa\u011fl\u0131yoruz.<\/p>\n<\/div>\n\n\n\n<div class=\"wp-block-column is-layout-flow wp-block-column-is-layout-flow\" style=\"padding-top:0;padding-right:0;padding-bottom:0;padding-left:0\">\n<figure class=\"wp-block-image size-large is-resized\"><img loading=\"lazy\" decoding=\"async\" width=\"660\" height=\"660\" src=\"https:\/\/purposeiletisim.com\/wp-content\/uploads\/2024\/11\/20240828_141527_0000-edited.png\" alt=\"\" class=\"wp-image-530\" style=\"width:252px;height:auto\" srcset=\"https:\/\/purposeiletisim.com\/wp-content\/uploads\/2024\/11\/20240828_141527_0000-edited.png 660w, https:\/\/purposeiletisim.com\/wp-content\/uploads\/2024\/11\/20240828_141527_0000-edited-300x300.png 300w, https:\/\/purposeiletisim.com\/wp-content\/uploads\/2024\/11\/20240828_141527_0000-edited-150x150.png 150w\" sizes=\"auto, (max-width: 660px) 100vw, 660px\" \/><\/figure>\n\n\n\n<h2 class=\"wp-block-heading\">Haber ve Lansman Y\u00f6netimi<\/h2>\n\n\n\n<p>Projelerinizin lansman\u0131n\u0131 prefosyonelce planl\u0131yor, medya g\u00f6r\u00fcn\u00fcrl\u00fc\u011f\u00fcn\u00fcz\u00fc art\u0131racak haber b\u00fcltenleri haz\u0131rl\u0131yoruz. Haberlerinizi do\u011fru kanallarda ve etkili bir \u015fekilde duyurman\u0131z i\u00e7in yan\u0131n\u0131zday\u0131z.<\/p>\n<\/div>\n\n\n\n<div class=\"wp-block-column is-layout-flow wp-block-column-is-layout-flow\" style=\"padding-top:0;padding-right:0;padding-bottom:0;padding-left:0\">\n<figure class=\"wp-block-image\"><img loading=\"lazy\" decoding=\"async\" width=\"2560\" height=\"2560\" src=\"https:\/\/purposeiletisim.com\/wp-content\/uploads\/2024\/11\/new-media-star-using-smartphone-2021-08-29-12-14-50-utc-1-edited-scaled.jpg\" alt=\"\" class=\"wp-image-527\" srcset=\"https:\/\/purposeiletisim.com\/wp-content\/uploads\/2024\/11\/new-media-star-using-smartphone-2021-08-29-12-14-50-utc-1-edited-scaled.jpg 2560w, https:\/\/purposeiletisim.com\/wp-content\/uploads\/2024\/11\/new-media-star-using-smartphone-2021-08-29-12-14-50-utc-1-edited-300x300.jpg 300w, https:\/\/purposeiletisim.com\/wp-content\/uploads\/2024\/11\/new-media-star-using-smartphone-2021-08-29-12-14-50-utc-1-edited-1024x1024.jpg 1024w, https:\/\/purposeiletisim.com\/wp-content\/uploads\/2024\/11\/new-media-star-using-smartphone-2021-08-29-12-14-50-utc-1-edited-150x150.jpg 150w, https:\/\/purposeiletisim.com\/wp-content\/uploads\/2024\/11\/new-media-star-using-smartphone-2021-08-29-12-14-50-utc-1-edited-2000x2000.jpg 2000w\" sizes=\"auto, (max-width: 2560px) 100vw, 2560px\" \/><\/figure>\n\n\n\n<h2 class=\"wp-block-heading\">\u0130\u00e7erik \u00dcretimi ve ToplulukY\u00f6netimi<\/h2>\n\n\n\n<p>Etkili i\u00e7eriklerle hedef kitlenizle g\u00fc\u00e7l\u00fc ba\u011flar kurman\u0131za destek oluyoruz. Sosyal medya ve di\u011fer platformlarda aktif bir topluluk olu\u015fturman\u0131z i\u00e7in stratejik rehberlik sa\u011fl\u0131yoruz.<\/p>\n<\/div>\n\n\n\n<div class=\"wp-block-column is-layout-flow wp-block-column-is-layout-flow\">\n<figure class=\"wp-block-gallery has-nested-images columns-default is-cropped wp-block-gallery-2 is-layout-flex wp-block-gallery-is-layout-flex\">\n<figure class=\"wp-block-image size-large\"><img loading=\"lazy\" decoding=\"async\" width=\"1080\" height=\"1080\" data-id=\"529\" src=\"https:\/\/purposeiletisim.com\/wp-content\/uploads\/2024\/11\/3_20241017_183747_0002-edited.png\" alt=\"\" class=\"wp-image-529\" srcset=\"https:\/\/purposeiletisim.com\/wp-content\/uploads\/2024\/11\/3_20241017_183747_0002-edited.png 1080w, https:\/\/purposeiletisim.com\/wp-content\/uploads\/2024\/11\/3_20241017_183747_0002-edited-300x300.png 300w, https:\/\/purposeiletisim.com\/wp-content\/uploads\/2024\/11\/3_20241017_183747_0002-edited-1024x1024.png 1024w, https:\/\/purposeiletisim.com\/wp-content\/uploads\/2024\/11\/3_20241017_183747_0002-edited-150x150.png 150w\" sizes=\"auto, (max-width: 1080px) 100vw, 1080px\" \/><\/figure>\n<\/figure>\n\n\n\n<h2 class=\"wp-block-heading\">Yarat\u0131c\u0131 Video ve Animasyon \u00c7\u00f6z\u00fcmleri<\/h2>\n\n\n\n<p>Kurumsal hikayenizi en iyi \u015fekilde anlatmak i\u00e7in prefosyonel video, animasyon ve tan\u0131t\u0131m filmleri \u00fcretiyoruz. G\u00f6rsellerin g\u00fcc\u00fcyle mesajlar\u0131n\u0131z\u0131 hedef kitlenize g\u00fc\u00e7l\u00fc bir \u015fekilde aktar\u0131yoruz. <\/p>\n<\/div>\n<\/div>\n\n\n\n<div style=\"height:103px\" aria-hidden=\"true\" class=\"wp-block-spacer\"><\/div>\n\n\n\n<h2 class=\"wp-block-heading\">REFERANSLARIMIZ<\/h2>\n\n\n\n<figure class=\"wp-block-gallery aligncenter has-nested-images columns-5 is-cropped wp-block-gallery-3 is-layout-flex wp-block-gallery-is-layout-flex\">\n<figure class=\"wp-block-image size-large\"><img loading=\"lazy\" decoding=\"async\" width=\"554\" height=\"554\" data-id=\"473\" src=\"https:\/\/purposeiletisim.com\/wp-content\/uploads\/2024\/10\/images-6.jpeg\" alt=\"\" class=\"wp-image-473\" srcset=\"https:\/\/purposeiletisim.com\/wp-content\/uploads\/2024\/10\/images-6.jpeg 554w, https:\/\/purposeiletisim.com\/wp-content\/uploads\/2024\/10\/images-6-300x300.jpeg 300w, https:\/\/purposeiletisim.com\/wp-content\/uploads\/2024\/10\/images-6-150x150.jpeg 150w\" sizes=\"auto, (max-width: 554px) 100vw, 554px\" \/><\/figure>\n\n\n\n<figure class=\"wp-block-image size-large\"><img loading=\"lazy\" decoding=\"async\" width=\"225\" height=\"225\" data-id=\"477\" src=\"https:\/\/purposeiletisim.com\/wp-content\/uploads\/2024\/10\/images-8.jpeg\" alt=\"\" class=\"wp-image-477\" srcset=\"https:\/\/purposeiletisim.com\/wp-content\/uploads\/2024\/10\/images-8.jpeg 225w, https:\/\/purposeiletisim.com\/wp-content\/uploads\/2024\/10\/images-8-150x150.jpeg 150w\" sizes=\"auto, (max-width: 225px) 100vw, 225px\" \/><\/figure>\n\n\n\n<figure class=\"wp-block-image size-large\"><img loading=\"lazy\" decoding=\"async\" width=\"1024\" height=\"1024\" data-id=\"467\" src=\"https:\/\/purposeiletisim.com\/wp-content\/uploads\/2024\/10\/Adsiz-tasarim_20241017_114404_0000-1024x1024.png\" alt=\"\" class=\"wp-image-467\" srcset=\"https:\/\/purposeiletisim.com\/wp-content\/uploads\/2024\/10\/Adsiz-tasarim_20241017_114404_0000-1024x1024.png 1024w, https:\/\/purposeiletisim.com\/wp-content\/uploads\/2024\/10\/Adsiz-tasarim_20241017_114404_0000-300x300.png 300w, https:\/\/purposeiletisim.com\/wp-content\/uploads\/2024\/10\/Adsiz-tasarim_20241017_114404_0000-150x150.png 150w, https:\/\/purposeiletisim.com\/wp-content\/uploads\/2024\/10\/Adsiz-tasarim_20241017_114404_0000.png 1080w\" sizes=\"auto, (max-width: 1024px) 100vw, 1024px\" \/><\/figure>\n\n\n\n<figure class=\"wp-block-image size-large\"><img loading=\"lazy\" decoding=\"async\" width=\"320\" height=\"313\" data-id=\"468\" src=\"https:\/\/purposeiletisim.com\/wp-content\/uploads\/2024\/10\/2022-07-05-at-13.48.46.jpeg\" alt=\"\" class=\"wp-image-468\" srcset=\"https:\/\/purposeiletisim.com\/wp-content\/uploads\/2024\/10\/2022-07-05-at-13.48.46.jpeg 320w, https:\/\/purposeiletisim.com\/wp-content\/uploads\/2024\/10\/2022-07-05-at-13.48.46-300x293.jpeg 300w\" sizes=\"auto, (max-width: 320px) 100vw, 320px\" \/><\/figure>\n\n\n\n<figure class=\"wp-block-image size-large\"><img loading=\"lazy\" decoding=\"async\" width=\"639\" height=\"480\" data-id=\"486\" src=\"https:\/\/purposeiletisim.com\/wp-content\/uploads\/2024\/10\/images-5.jpeg\" alt=\"\" class=\"wp-image-486\" srcset=\"https:\/\/purposeiletisim.com\/wp-content\/uploads\/2024\/10\/images-5.jpeg 639w, https:\/\/purposeiletisim.com\/wp-content\/uploads\/2024\/10\/images-5-300x225.jpeg 300w\" sizes=\"auto, (max-width: 639px) 100vw, 639px\" \/><\/figure>\n<\/figure>\n<\/div>\n\n\n\n<p><\/p>\n","protected":false},"excerpt":{"rendered":"<p>ETK\u0130 ODAKLI \u0130LET\u0130\u015e\u0130M Purpose \u0130leti\u015fim olarak, s\u00fcr\u00fcd\u00fcr\u00fclebilirlik odakl\u0131 \u00e7al\u0131\u015falar\u0131n toplumsal faydas\u0131n\u0131 art\u0131rak i\u00e7in medya d\u00fcnyas\u0131nda g\u00fc\u00e7l\u00fc bir k\u00f6pr\u00fc kuruyoruz. Ortak bir gelecek ortak bir sorumluluk gerektirir! G\u00fcn\u00fcm\u00fcz kirizleri, birbirini tetikleyerek insan haklar\u0131 ihlallerine yol a\u00e7\u0131yor: Ayr\u0131mc\u0131l\u0131k, e\u015fitsizlik, \u015fiddet, adaletsizlik, ifade \u00f6zg\u00fcrl\u00fc\u011f\u00fcn\u00fcn engellenmesi&#8230;Krizlerin etkiledi\u011fi gruplar\u0131n, haklar\u0131n\u0131 savunamamas\u0131 ise bu sorunlar\u0131 daha da derinle\u015ftiriyor. Birlikteharekete ge\u00e7mek, \u00e7\u00f6z\u00fcm\u00fcn &hellip; <\/p>\n<p class=\"link-more\"><a href=\"https:\/\/purposeiletisim.com\/\" class=\"more-link\"><span class=\"screen-reader-text\"> &#8220;Homepage&#8221;<\/span>devam\u0131n\u0131 oku<\/a><\/p>\n","protected":false},"author":1,"featured_media":0,"parent":0,"menu_order":0,"comment_status":"closed","ping_status":"closed","template":"page-templates\/homepage-no-hero.php","meta":{"footnotes":"[]"},"class_list":["post-31","page","type-page","status-publish","hentry"],"_links":{"self":[{"href":"https:\/\/purposeiletisim.com\/index.php?rest_route=\/wp\/v2\/pages\/31","targetHints":{"allow":["GET"]}}],"collection":[{"href":"https:\/\/purposeiletisim.com\/index.php?rest_route=\/wp\/v2\/pages"}],"about":[{"href":"https:\/\/purposeiletisim.com\/index.php?rest_route=\/wp\/v2\/types\/page"}],"author":[{"embeddable":true,"href":"https:\/\/purposeiletisim.com\/index.php?rest_route=\/wp\/v2\/users\/1"}],"replies":[{"embeddable":true,"href":"https:\/\/purposeiletisim.com\/index.php?rest_route=%2Fwp%2Fv2%2Fcomments&post=31"}],"version-history":[{"count":71,"href":"https:\/\/purposeiletisim.com\/index.php?rest_route=\/wp\/v2\/pages\/31\/revisions"}],"predecessor-version":[{"id":556,"href":"https:\/\/purposeiletisim.com\/index.php?rest_route=\/wp\/v2\/pages\/31\/revisions\/556"}],"wp:attachment":[{"href":"https:\/\/purposeiletisim.com\/index.php?rest_route=%2Fwp%2Fv2%2Fmedia&parent=31"}],"curies":[{"name":"wp","href":"https:\/\/api.w.org\/{rel}","templated":true}]}}