{"id":32,"date":"2024-02-21T10:09:56","date_gmt":"2024-02-21T10:09:56","guid":{"rendered":"https:\/\/purposeiletisim.com\/?page_id=32"},"modified":"2024-11-13T10:16:57","modified_gmt":"2024-11-13T10:16:57","slug":"about","status":"publish","type":"page","link":"https:\/\/purposeiletisim.com\/?page_id=32","title":{"rendered":"Hakk\u0131m\u0131zda"},"content":{"rendered":"\n<p class=\"has-text-align-left\" style=\"font-size:clamp(14px, 0.875rem + ((1vw - 3.2px) * 0.625), 20px);font-style:normal;font-weight:300;line-height:1.3\"><br>Sivil toplum kurulu\u015flar\u0131 ve sosyal giri\u015fimciler i\u00e7in medya ile g\u00fc\u00e7l\u00fc ba\u011flar kurman\u0131n ne kadar kritik, ancak bir o kadar da zor oldu\u011funu biliyoruz. <\/p>\n\n\n\n<p class=\"has-text-align-left\" style=\"font-size:clamp(14px, 0.875rem + ((1vw - 3.2px) * 0.625), 20px);font-style:normal;font-weight:300;line-height:1.3\">Uzun y\u0131llar T\u00fcrkiye\u2019nin \u00f6nde gelen haber kanallar\u0131ndan birinde i\u00e7erik ve planlama y\u00f6neticisi olarak edindi\u011fim deneyimler, bu alandaki iki temel sorunu g\u00f6zler \u00f6n\u00fcne serdi:<\/p>\n\n\n\n<ul class=\"wp-block-list\">\n<li>Medyan\u0131n STK&#8217;lara y\u00f6nelik ilgisinin yetersizli\u011fi<\/li>\n<\/ul>\n\n\n\n<ul class=\"wp-block-list\">\n<li>STK \u00e7al\u0131\u015fanlar\u0131n\u0131n do\u011fru medya kanallar\u0131na eri\u015fimde ve mesajlar\u0131n\u0131 etkili bir \u015fekilde aktarmada ya\u015fad\u0131\u011f\u0131 zorluklar<\/li>\n<\/ul>\n\n\n\n<p class=\"has-text-align-left\" style=\"font-size:clamp(14px, 0.875rem + ((1vw - 3.2px) * 0.625), 20px);font-style:normal;font-weight:300;line-height:1.3\">Purpose \u0130leti\u015fim olarak, STK\u2019lar ile medya aras\u0131ndaki bu eksik halkay\u0131 g\u00fc\u00e7lendirmek ve sosyal etki odakl\u0131 projelerin medya g\u00f6r\u00fcn\u00fcrl\u00fc\u011f\u00fcn\u00fc art\u0131rmak i\u00e7in \u00e7al\u0131\u015f\u0131yoruz.<\/p>\n\n\n\n<p><\/p>\n\n\n\n<p style=\"line-height:0\"><\/p>\n\n\n\n<h2 class=\"wp-block-heading\"><strong>Emel Ho\u015fg\u00f6r Hakk\u0131nda<\/strong><\/h2>\n\n\n\n<p style=\"font-size:clamp(14px, 0.875rem + ((1vw - 3.2px) * 0.625), 20px);font-style:italic;font-weight:300;line-height:1.5\"><br>Son yedi y\u0131l boyunca <strong>CNN T\u00dcRK Program Departman\u0131\u2019<\/strong>nda i\u00e7erik ve planlama y\u00f6neticisi olarak g\u00f6rev ald\u0131m. Bu s\u00fcre\u00e7te, STK\u2019lar\u0131n ve sosyal giri\u015fimlerin haber b\u00fcltenlerinde ve program i\u00e7eriklerinde yer almas\u0131n\u0131 sa\u011flamak i\u00e7in b\u00fcy\u00fck bir \u00f6zen g\u00f6sterdim. Ayn\u0131 d\u00f6nemde, <strong>Marmara \u00dcniversitesi Sivil Toplum Kurulu\u015flar\u0131 ve Y\u00f6neti\u015fim B\u00f6l\u00fcm\u00fc&#8217;<\/strong>nde y\u00fcksek lisans\u0131m\u0131 tamamlad\u0131m ve medya ileti\u015fimi ile kurumsal ileti\u015fim stratejileri alan\u0131nda akademik \u00e7al\u0131\u015fmalar y\u00fcr\u00fctt\u00fcm.<\/p>\n\n\n\n<p style=\"font-size:clamp(14px, 0.875rem + ((1vw - 3.2px) * 0.625), 20px);font-style:italic;font-weight:300;line-height:1.5\">2020 y\u0131l\u0131nda kanaldan ayr\u0131lmam\u0131n ard\u0131ndan, <strong>Habitat Derne\u011fi\u2019<\/strong>nde \u0130leti\u015fim Direkt\u00f6rl\u00fc\u011f\u00fc g\u00f6revini \u00fcstlendim. Burada, s\u00fcrd\u00fcr\u00fclebilir kalk\u0131nma ama\u00e7lar\u0131n\u0131 destekleyen ve farkl\u0131 hedef kitlelere ula\u015fan ba\u015far\u0131l\u0131 projeler geli\u015ftirdik. Bas\u0131nda yer bulan haberlerin ba\u015far\u0131s\u0131nda, mesajlar\u0131n netli\u011fi, kullan\u0131lan dilin g\u00fcc\u00fc ve sosyal etkinin do\u011fru aktar\u0131m\u0131n\u0131n kritik bir rol oynad\u0131\u011f\u0131n\u0131 bir kez daha g\u00f6zlemledim.<\/p>\n\n\n\n<p style=\"font-size:clamp(14px, 0.875rem + ((1vw - 3.2px) * 0.625), 20px);font-style:italic;font-weight:300;line-height:1.5\">&#8212;<\/p>\n\n\n\n<p style=\"font-size:clamp(14px, 0.875rem + ((1vw - 3.2px) * 0.625), 20px);font-style:italic;font-weight:300;line-height:1.5\">Purpose \u0130leti\u015fim olarak, medya ve sivil toplum alan\u0131ndaki tecr\u00fcbemizi, alan\u0131nda uzman ekibimizin \u00f6zverisiyle birle\u015ftirerek sosyal etki odakl\u0131 projelerin medyada daha g\u00f6r\u00fcn\u00fcr hale gelmesini sa\u011flamak i\u00e7in \u00e7al\u0131\u015f\u0131yoruz. Amac\u0131m\u0131z, medya ile sivil toplum kurulu\u015flar\u0131 aras\u0131ndaki ileti\u015fimdeki eksik halkalar\u0131 tamamlamak ve projelerinizin sesini daha geni\u015f kitlelere duyurmak.<\/p>\n\n\n\n<div class=\"wp-block-columns is-layout-flex wp-container-core-columns-is-layout-28f84493 wp-block-columns-is-layout-flex\">\n<div class=\"wp-block-column is-layout-flow wp-block-column-is-layout-flow\" style=\"padding-top:0;padding-right:0;padding-bottom:0;padding-left:0\">\n<div class=\"wp-block-columns is-layout-flex wp-container-core-columns-is-layout-28f84493 wp-block-columns-is-layout-flex\">\n<div class=\"wp-block-column is-layout-flow wp-block-column-is-layout-flow\" style=\"flex-basis:100%\">\n<figure class=\"wp-block-image is-resized\"><img decoding=\"async\" src=\"https:\/\/purposeiletisim.com\/wp-content\/uploads\/2024\/02\/3-1.png\" alt=\"\" class=\"wp-image-90\" style=\"width:255px;height:auto\"\/><\/figure>\n<\/div>\n<\/div>\n\n\n\n<h2 class=\"wp-block-heading\">Medya ve \u0130leti\u015fim Stratejileri<\/h2>\n\n\n\n<p>Sivil toplum kurulu\u015flar\u0131 ve sosyal giri\u015fimlerin hedef kitlesine ula\u015fmas\u0131 i\u00e7in etkili medya ve ileti\u015fim stratejileri geli\u015ftiriyoruz. Kampanyalar\u0131n\u0131z\u0131 planl\u0131yor, mesajlar\u0131n\u0131z\u0131 daha g\u00fc\u00e7l\u00fc bir \u015fekilde iletmeniz i\u00e7in stratejik rehberlik sa\u011fl\u0131yoruz.<\/p>\n<\/div>\n\n\n\n<div class=\"wp-block-column is-layout-flow wp-block-column-is-layout-flow\" style=\"padding-top:0;padding-right:0;padding-bottom:0;padding-left:0\">\n<figure class=\"wp-block-image size-large is-resized\"><img loading=\"lazy\" decoding=\"async\" width=\"660\" height=\"660\" src=\"https:\/\/purposeiletisim.com\/wp-content\/uploads\/2024\/11\/20240828_141527_0000-edited.png\" alt=\"\" class=\"wp-image-530\" style=\"width:252px;height:auto\" srcset=\"https:\/\/purposeiletisim.com\/wp-content\/uploads\/2024\/11\/20240828_141527_0000-edited.png 660w, https:\/\/purposeiletisim.com\/wp-content\/uploads\/2024\/11\/20240828_141527_0000-edited-300x300.png 300w, https:\/\/purposeiletisim.com\/wp-content\/uploads\/2024\/11\/20240828_141527_0000-edited-150x150.png 150w\" sizes=\"auto, (max-width: 660px) 100vw, 660px\" \/><\/figure>\n\n\n\n<h2 class=\"wp-block-heading\">Haber ve Lansman Y\u00f6netimi<\/h2>\n\n\n\n<p>Projelerinizin lansman\u0131n\u0131 prefosyonelce planl\u0131yor, medya g\u00f6r\u00fcn\u00fcrl\u00fc\u011f\u00fcn\u00fcz\u00fc art\u0131racak haber b\u00fcltenleri haz\u0131rl\u0131yoruz. Haberlerinizi do\u011fru kanallarda ve etkili bir \u015fekilde duyurman\u0131z i\u00e7in yan\u0131n\u0131zday\u0131z.<\/p>\n<\/div>\n\n\n\n<div class=\"wp-block-column is-layout-flow wp-block-column-is-layout-flow\" style=\"padding-top:0;padding-right:0;padding-bottom:0;padding-left:0\">\n<figure class=\"wp-block-image\"><img loading=\"lazy\" decoding=\"async\" width=\"2560\" height=\"2560\" src=\"https:\/\/purposeiletisim.com\/wp-content\/uploads\/2024\/11\/new-media-star-using-smartphone-2021-08-29-12-14-50-utc-1-edited-scaled.jpg\" alt=\"\" class=\"wp-image-527\" srcset=\"https:\/\/purposeiletisim.com\/wp-content\/uploads\/2024\/11\/new-media-star-using-smartphone-2021-08-29-12-14-50-utc-1-edited-scaled.jpg 2560w, https:\/\/purposeiletisim.com\/wp-content\/uploads\/2024\/11\/new-media-star-using-smartphone-2021-08-29-12-14-50-utc-1-edited-300x300.jpg 300w, https:\/\/purposeiletisim.com\/wp-content\/uploads\/2024\/11\/new-media-star-using-smartphone-2021-08-29-12-14-50-utc-1-edited-1024x1024.jpg 1024w, https:\/\/purposeiletisim.com\/wp-content\/uploads\/2024\/11\/new-media-star-using-smartphone-2021-08-29-12-14-50-utc-1-edited-150x150.jpg 150w, https:\/\/purposeiletisim.com\/wp-content\/uploads\/2024\/11\/new-media-star-using-smartphone-2021-08-29-12-14-50-utc-1-edited-2000x2000.jpg 2000w\" sizes=\"auto, (max-width: 2560px) 100vw, 2560px\" \/><\/figure>\n\n\n\n<h2 class=\"wp-block-heading\">\u0130\u00e7erik \u00dcretimi ve ToplulukY\u00f6netimi<\/h2>\n\n\n\n<p>Etkili i\u00e7eriklerle hedef kitlenizle g\u00fc\u00e7l\u00fc ba\u011flar kurman\u0131za destek oluyoruz. Sosyal medya ve di\u011fer platformlarda aktif bir topluluk olu\u015fturman\u0131z i\u00e7in stratejik rehberlik sa\u011fl\u0131yoruz.<\/p>\n<\/div>\n\n\n\n<div class=\"wp-block-column is-layout-flow wp-block-column-is-layout-flow\">\n<figure class=\"wp-block-gallery has-nested-images columns-default is-cropped wp-block-gallery-1 is-layout-flex wp-block-gallery-is-layout-flex\">\n<figure class=\"wp-block-image size-large\"><img loading=\"lazy\" decoding=\"async\" width=\"1080\" height=\"1080\" data-id=\"529\" src=\"https:\/\/purposeiletisim.com\/wp-content\/uploads\/2024\/11\/3_20241017_183747_0002-edited.png\" alt=\"\" class=\"wp-image-529\" srcset=\"https:\/\/purposeiletisim.com\/wp-content\/uploads\/2024\/11\/3_20241017_183747_0002-edited.png 1080w, https:\/\/purposeiletisim.com\/wp-content\/uploads\/2024\/11\/3_20241017_183747_0002-edited-300x300.png 300w, https:\/\/purposeiletisim.com\/wp-content\/uploads\/2024\/11\/3_20241017_183747_0002-edited-1024x1024.png 1024w, https:\/\/purposeiletisim.com\/wp-content\/uploads\/2024\/11\/3_20241017_183747_0002-edited-150x150.png 150w\" sizes=\"auto, (max-width: 1080px) 100vw, 1080px\" \/><\/figure>\n<\/figure>\n\n\n\n<h2 class=\"wp-block-heading\">Yarat\u0131c\u0131 Video ve Animasyon \u00c7\u00f6z\u00fcmleri<\/h2>\n\n\n\n<p>Kurumsal hikayenizi en iyi \u015fekilde anlatmak i\u00e7in prefosyonel video, animasyon ve tan\u0131t\u0131m filmleri \u00fcretiyoruz. G\u00f6rsellerin g\u00fcc\u00fcyle mesajlar\u0131n\u0131z\u0131 hedef kitlenize g\u00fc\u00e7l\u00fc bir \u015fekilde aktar\u0131yoruz. <\/p>\n<\/div>\n<\/div>\n\n\n\n<div class=\"wp-block-cover alignfull is-light\" style=\"padding-top:50px;padding-right:50px;padding-bottom:50px;padding-left:50px;min-height:316px;aspect-ratio:unset;\"><span aria-hidden=\"true\" class=\"wp-block-cover__background has-black-background-color has-background-dim-0 has-background-dim\"><\/span><div class=\"wp-block-cover__inner-container is-layout-flow wp-block-cover-is-layout-flow\">\n<div class=\"wp-block-columns are-vertically-aligned-center is-layout-flex wp-container-core-columns-is-layout-28f84493 wp-block-columns-is-layout-flex\">\n<div class=\"wp-block-column is-vertically-aligned-center is-layout-flow wp-block-column-is-layout-flow\" style=\"padding-top:20px;padding-right:0px;padding-bottom:20px;padding-left:0px\">\n<figure class=\"wp-block-image aligncenter size-large is-resized\"><img loading=\"lazy\" decoding=\"async\" width=\"1024\" height=\"502\" src=\"https:\/\/purposeiletisim.com\/wp-content\/uploads\/2024\/08\/Adsiz-tasarim_20240827_224150_0000-e1724787820883-1024x502.png\" alt=\"\" class=\"wp-image-241\" style=\"width:1083px;height:auto\" srcset=\"https:\/\/purposeiletisim.com\/wp-content\/uploads\/2024\/08\/Adsiz-tasarim_20240827_224150_0000-e1724787820883-1024x502.png 1024w, https:\/\/purposeiletisim.com\/wp-content\/uploads\/2024\/08\/Adsiz-tasarim_20240827_224150_0000-e1724787820883-300x147.png 300w, https:\/\/purposeiletisim.com\/wp-content\/uploads\/2024\/08\/Adsiz-tasarim_20240827_224150_0000-e1724787820883-768x377.png 768w, https:\/\/purposeiletisim.com\/wp-content\/uploads\/2024\/08\/Adsiz-tasarim_20240827_224150_0000-e1724787820883-1536x753.png 1536w, https:\/\/purposeiletisim.com\/wp-content\/uploads\/2024\/08\/Adsiz-tasarim_20240827_224150_0000-e1724787820883.png 1733w\" sizes=\"auto, (max-width: 1024px) 100vw, 1024px\" \/><\/figure>\n\n\n\n<div class=\"wp-block-group is-layout-flow wp-block-group-is-layout-flow\">\n<p class=\"has-text-align-center has-white-color has-text-color\" style=\"font-size:clamp(14px, 0.875rem + ((1vw - 3.2px) * 0.417), 18px);line-height:1\"><strong>&#8220;Best Short&#8221;<\/strong><br>Winner<\/p>\n<\/div>\n<\/div>\n<\/div>\n<\/div><\/div>\n\n\n\n<h2 class=\"wp-block-heading has-text-align-center has-lightgrey-color has-text-color has-link-color wp-elements-020eaf2d4fbc49070ec63afa910e2287\" style=\"font-size:clamp(23.54px, 1.471rem + ((1vw - 3.2px) * 1.61), 39px);font-style:normal;font-weight:300\"><strong>#ortak ama\u00e7lar i\u00e7in ileti\u015fim&#8230;<\/strong><\/h2>\n\n\n\n<p><\/p>\n","protected":false},"excerpt":{"rendered":"<p>Sivil toplum kurulu\u015flar\u0131 ve sosyal giri\u015fimciler i\u00e7in medya ile g\u00fc\u00e7l\u00fc ba\u011flar kurman\u0131n ne kadar kritik, ancak bir o kadar da zor oldu\u011funu biliyoruz. Uzun y\u0131llar T\u00fcrkiye\u2019nin \u00f6nde gelen haber kanallar\u0131ndan birinde i\u00e7erik ve planlama y\u00f6neticisi olarak edindi\u011fim deneyimler, bu alandaki iki temel sorunu g\u00f6zler \u00f6n\u00fcne serdi: Purpose \u0130leti\u015fim olarak, STK\u2019lar ile medya aras\u0131ndaki bu eksik &hellip; <\/p>\n<p class=\"link-more\"><a href=\"https:\/\/purposeiletisim.com\/?page_id=32\" class=\"more-link\"><span class=\"screen-reader-text\"> &#8220;Hakk\u0131m\u0131zda&#8221;<\/span>devam\u0131n\u0131 oku<\/a><\/p>\n","protected":false},"author":1,"featured_media":0,"parent":0,"menu_order":0,"comment_status":"closed","ping_status":"closed","template":"","meta":{"footnotes":""},"class_list":["post-32","page","type-page","status-publish","hentry"],"_links":{"self":[{"href":"https:\/\/purposeiletisim.com\/index.php?rest_route=\/wp\/v2\/pages\/32","targetHints":{"allow":["GET"]}}],"collection":[{"href":"https:\/\/purposeiletisim.com\/index.php?rest_route=\/wp\/v2\/pages"}],"about":[{"href":"https:\/\/purposeiletisim.com\/index.php?rest_route=\/wp\/v2\/types\/page"}],"author":[{"embeddable":true,"href":"https:\/\/purposeiletisim.com\/index.php?rest_route=\/wp\/v2\/users\/1"}],"replies":[{"embeddable":true,"href":"https:\/\/purposeiletisim.com\/index.php?rest_route=%2Fwp%2Fv2%2Fcomments&post=32"}],"version-history":[{"count":80,"href":"https:\/\/purposeiletisim.com\/index.php?rest_route=\/wp\/v2\/pages\/32\/revisions"}],"predecessor-version":[{"id":552,"href":"https:\/\/purposeiletisim.com\/index.php?rest_route=\/wp\/v2\/pages\/32\/revisions\/552"}],"wp:attachment":[{"href":"https:\/\/purposeiletisim.com\/index.php?rest_route=%2Fwp%2Fv2%2Fmedia&parent=32"}],"curies":[{"name":"wp","href":"https:\/\/api.w.org\/{rel}","templated":true}]}}