{"id":33,"date":"2024-02-21T10:09:56","date_gmt":"2024-02-21T10:09:56","guid":{"rendered":"https:\/\/purposeiletisim.com\/?page_id=33"},"modified":"2024-11-13T10:50:51","modified_gmt":"2024-11-13T10:50:51","slug":"contact-2","status":"publish","type":"page","link":"https:\/\/purposeiletisim.com\/?page_id=33","title":{"rendered":"\u0130leti\u015fim"},"content":{"rendered":"\n<div class=\"wp-block-group has-global-padding is-layout-constrained wp-block-group-is-layout-constrained\">\n<div class=\"wp-block-group has-global-padding is-layout-constrained wp-block-group-is-layout-constrained\">\n<div class=\"wp-block-columns are-vertically-aligned-top is-layout-flex wp-container-core-columns-is-layout-d7d455e7 wp-block-columns-is-layout-flex\" style=\"padding-top:0;padding-right:0;padding-bottom:0;padding-left:0\">\n<div class=\"wp-block-column is-vertically-aligned-top is-layout-flow wp-block-column-is-layout-flow\" style=\"padding-right:7%;flex-basis:50%\">\n<p class=\"has-text-color\" style=\"color:#0bb4aa\">Bizimle \u0130leti\u015fim Kurun!<\/p>\n\n\n\n<div class=\"wp-block-group has-global-padding is-layout-constrained wp-block-group-is-layout-constrained\">\n<h2 class=\"wp-block-heading has-large-font-size\">Projelerinizin sosyal etkisini birlikte g\u00fc\u00e7lendirelim&#8230;<\/h2>\n<\/div>\n<\/div>\n\n\n\n<div class=\"wp-block-column is-vertically-aligned-top is-layout-flow wp-block-column-is-layout-flow\" style=\"flex-basis:50%\"><\/div>\n<\/div>\n<\/div>\n<\/div>\n\n\n\n<div class=\"wp-block-group alignwide has-global-padding is-layout-constrained wp-container-core-group-is-layout-19e250f3 wp-block-group-is-layout-constrained\">\n<div class=\"wp-block-columns alignfull are-vertically-aligned-center has-light-background-background-color has-background is-layout-flex wp-container-core-columns-is-layout-dd282781 wp-block-columns-is-layout-flex\" style=\"padding-top:0;padding-right:0;padding-bottom:0;padding-left:0\">\n<div class=\"wp-block-column is-vertically-aligned-center map-grayscale is-layout-flow wp-block-column-is-layout-flow\" style=\"flex-basis:50%\">\n<figure class=\"wp-block-image size-full is-resized\"><img loading=\"lazy\" decoding=\"async\" width=\"1080\" height=\"660\" src=\"https:\/\/purposeiletisim.com\/wp-content\/uploads\/2024\/08\/Adsiz-tasarim_20240828_140531_0000.png\" alt=\"\" class=\"wp-image-300\" style=\"aspect-ratio:1;object-fit:cover;width:596px;height:auto\" srcset=\"https:\/\/purposeiletisim.com\/wp-content\/uploads\/2024\/08\/Adsiz-tasarim_20240828_140531_0000.png 1080w, https:\/\/purposeiletisim.com\/wp-content\/uploads\/2024\/08\/Adsiz-tasarim_20240828_140531_0000-300x183.png 300w, https:\/\/purposeiletisim.com\/wp-content\/uploads\/2024\/08\/Adsiz-tasarim_20240828_140531_0000-1024x626.png 1024w\" sizes=\"auto, (max-width: 1080px) 100vw, 1080px\" \/><\/figure>\n<\/div>\n\n\n\n<div class=\"wp-block-column is-vertically-aligned-center is-layout-flow wp-block-column-is-layout-flow\" style=\"padding-top:var(--wp--preset--spacing--small);padding-right:var(--wp--preset--spacing--small);padding-bottom:var(--wp--preset--spacing--small);padding-left:2%;flex-basis:50%\">\n<h3 class=\"wp-block-heading has-large-font-size\">Purpose \u0130leti\u015fim<\/h3>\n\n\n\n<p><strong>Adres:<\/strong> Anadoluhisar\u0131, Beykoz \/ 34810<\/p>\n\n\n\n<p><strong>E-posta:<\/strong> bilgi@purposeiletisim.com<\/p>\n\n\n\n<p><strong>Telefon:<\/strong> +90 533 212 50 42<\/p>\n\n\n\n<p><\/p>\n<\/div>\n<\/div>\n<\/div>\n\n\n\n<div class=\"wp-block-group alignwide has-global-padding is-layout-constrained wp-block-group-is-layout-constrained\">\n<div class=\"wp-block-cover alignwide is-light\" style=\"min-height:504px;aspect-ratio:unset;\"><span aria-hidden=\"true\" class=\"wp-block-cover__background has-background-dim-0 has-background-dim\" style=\"background-color:#f9f9f9\"><\/span><div class=\"wp-block-cover__inner-container is-layout-flow wp-block-cover-is-layout-flow\">\n<div class=\"wp-block-group alignwide has-global-padding is-layout-constrained wp-block-group-is-layout-constrained\">\n<div class=\"wp-block-group is-layout-flow wp-block-group-is-layout-flow\">\n<div class=\"wp-block-columns is-layout-flex wp-container-core-columns-is-layout-28f84493 wp-block-columns-is-layout-flex\">\n<div class=\"wp-block-column is-layout-flow wp-block-column-is-layout-flow\">\n<p class=\"has-text-align-left has-text-color\" style=\"color:#0bb4aa\"><\/p>\n\n\n\n<h2 class=\"wp-block-heading has-text-align-left has-large-font-size\">Ortak bir gelecek ortak sorumluluk gerektirir!<\/h2>\n\n\n\n<p style=\"font-size:clamp(14.082px, 0.88rem + ((1vw - 3.2px) * 0.721), 21px);\">G\u00fcn\u00fcm\u00fczde bir\u00e7ok kriz, birbiriyle ba\u011flant\u0131l\u0131 bir \u015fekilde b\u00fcy\u00fcyor ve insan haklar\u0131 ihlallerine d\u00f6n\u00fc\u015f\u00fcyor.<\/p>\n\n\n\n<p><strong>Yoksulluk bir insan hakk\u0131 ihlalidir.<\/strong><\/p>\n\n\n\n<p>Sa\u011fl\u0131kl\u0131 bir \u00e7evrede ya\u015fayamamak da\u2026 Krizler, \u00f6zellikle dezavantajl\u0131 gruplar\u0131 daha fazla etkiliyor:<\/p>\n\n\n\n<ul class=\"wp-block-list\">\n<li>Yerinden edilen topluluklar,<\/li>\n<\/ul>\n\n\n\n<ul class=\"wp-block-list\">\n<li>Ayr\u0131mc\u0131l\u0131kla kar\u015f\u0131la\u015fan bireyler,<\/li>\n<\/ul>\n\n\n\n<ul class=\"wp-block-list\">\n<li>E\u015fitsizlik, \u015fiddet ve adaletsizlik ma\u011fdurlar\u0131,<\/li>\n<\/ul>\n\n\n\n<ul class=\"wp-block-list\">\n<li>\u0130fade \u00f6zg\u00fcrl\u00fckleri k\u0131s\u0131tlanan insanlar&#8230;<\/li>\n<\/ul>\n\n\n\n<p style=\"font-size:clamp(14.082px, 0.88rem + ((1vw - 3.2px) * 0.721), 21px);\">Bu gruplar\u0131n haklar\u0131n\u0131 savunamamas\u0131, krizlerin daha da derinle\u015fmesine yol a\u00e7\u0131yor. Ancak \u00e7\u00f6z\u00fcm, hepimizin ortak sorumluluk \u00fcstlenmesinde yat\u0131yor. Ortak bir gelecek i\u00e7in birlikte harekete ge\u00e7elim.<\/p>\n\n\n\n<p style=\"font-size:clamp(14.082px, 0.88rem + ((1vw - 3.2px) * 0.721), 21px);\"><div>Ortak bir gelecek ortak sorumluluk gerektirir\u2026<\/div><\/p>\n\n\n\n<p class=\"has-text-align-left\" style=\"font-size:clamp(14.082px, 0.88rem + ((1vw - 3.2px) * 0.721), 21px);\">#ortakamaclariciniletisim<\/p>\n<\/div>\n<\/div>\n<\/div>\n<\/div>\n<\/div><\/div>\n<\/div>\n\n\n\n<div class=\"wp-block-group has-global-padding is-layout-constrained wp-block-group-is-layout-constrained\">\n<div class=\"wp-block-columns are-vertically-aligned-center is-layout-flex wp-container-core-columns-is-layout-4ed999c3 wp-block-columns-is-layout-flex\" style=\"padding-top:var(--wp--preset--spacing--60);padding-bottom:var(--wp--preset--spacing--60);padding-left:0\">\n<div class=\"wp-block-column is-vertically-aligned-center has-global-padding is-content-justification-left is-layout-constrained wp-container-core-column-is-layout-12dd3699 wp-block-column-is-layout-constrained\" style=\"flex-basis:66.66%\">\n<h2 class=\"wp-block-heading\"><\/h2>\n\n\n\n<p><\/p>\n<\/div>\n\n\n\n<div class=\"wp-block-column is-vertically-aligned-center is-layout-flow wp-block-column-is-layout-flow\" style=\"flex-basis:33.33%\">\n<div class=\"wp-block-buttons is-content-justification-right is-layout-flex wp-container-core-buttons-is-layout-d445cf74 wp-block-buttons-is-layout-flex\"><\/div>\n<\/div>\n<\/div>\n<\/div>\n","protected":false},"excerpt":{"rendered":"<p>Bizimle \u0130leti\u015fim Kurun! Projelerinizin sosyal etkisini birlikte g\u00fc\u00e7lendirelim&#8230; Purpose \u0130leti\u015fim Adres: Anadoluhisar\u0131, Beykoz \/ 34810 E-posta: bilgi@purposeiletisim.com Telefon: +90 533 212 50 42<\/p>\n","protected":false},"author":1,"featured_media":30,"parent":0,"menu_order":0,"comment_status":"closed","ping_status":"closed","template":"","meta":{"footnotes":""},"class_list":["post-33","page","type-page","status-publish","has-post-thumbnail","hentry"],"_links":{"self":[{"href":"https:\/\/purposeiletisim.com\/index.php?rest_route=\/wp\/v2\/pages\/33","targetHints":{"allow":["GET"]}}],"collection":[{"href":"https:\/\/purposeiletisim.com\/index.php?rest_route=\/wp\/v2\/pages"}],"about":[{"href":"https:\/\/purposeiletisim.com\/index.php?rest_route=\/wp\/v2\/types\/page"}],"author":[{"embeddable":true,"href":"https:\/\/purposeiletisim.com\/index.php?rest_route=\/wp\/v2\/users\/1"}],"replies":[{"embeddable":true,"href":"https:\/\/purposeiletisim.com\/index.php?rest_route=%2Fwp%2Fv2%2Fcomments&post=33"}],"version-history":[{"count":58,"href":"https:\/\/purposeiletisim.com\/index.php?rest_route=\/wp\/v2\/pages\/33\/revisions"}],"predecessor-version":[{"id":553,"href":"https:\/\/purposeiletisim.com\/index.php?rest_route=\/wp\/v2\/pages\/33\/revisions\/553"}],"wp:featuredmedia":[{"embeddable":true,"href":"https:\/\/purposeiletisim.com\/index.php?rest_route=\/wp\/v2\/media\/30"}],"wp:attachment":[{"href":"https:\/\/purposeiletisim.com\/index.php?rest_route=%2Fwp%2Fv2%2Fmedia&parent=33"}],"curies":[{"name":"wp","href":"https:\/\/api.w.org\/{rel}","templated":true}]}}